{"id":3159,"date":"2020-12-10T16:01:16","date_gmt":"2020-12-10T16:01:16","guid":{"rendered":"https:\/\/www.tehnicadeautomatizare.ro\/wp2\/karriere\/"},"modified":"2020-12-11T14:26:53","modified_gmt":"2020-12-11T14:26:53","slug":"karriere","status":"publish","type":"page","link":"https:\/\/www.tehnicadeautomatizare.ro\/de\/karriere\/","title":{"rendered":"Karriere"},"content":{"rendered":"<p><div class=\"fusion-fullwidth fullwidth-box fusion-builder-row-1 nonhundred-percent-fullwidth non-hundred-percent-height-scrolling fusion-equal-height-columns\" style=\"--awb-border-radius-top-left:0px;--awb-border-radius-top-right:0px;--awb-border-radius-bottom-right:0px;--awb-border-radius-bottom-left:0px;--awb-padding-bottom:0px;--awb-margin-bottom:0px;--awb-flex-wrap:wrap;\" ><div class=\"fusion-builder-row fusion-row\"><div class=\"fusion-layout-column fusion_builder_column fusion-builder-column-0 fusion_builder_column_2_3 2_3 fusion-two-third fusion-column-first\" style=\"--awb-padding-right:10px;--awb-padding-bottom:20px;--awb-overflow:hidden;--awb-bg-color:rgba(255,255,255,0);--awb-bg-color-hover:rgba(255,255,255,0);--awb-bg-size:cover;--awb-border-radius:10px 10px 10px 10px;width:66.666666666667%;width:calc(66.666666666667% - ( ( 4% ) * 0.66666666666667 ) );margin-right: 4%;\"><div class=\"fusion-column-wrapper fusion-column-has-shadow fusion-flex-column-wrapper-legacy\"><div class=\"fusion-column-content-centered\"><div class=\"fusion-column-content\"><div class=\"fusion-text fusion-text-1\"><h1><span style=\"color: #dd0000;\">Karriere bei TAS<br \/>\n<\/span><\/h1>\n<\/div><div class=\"fusion-text fusion-text-2\"><p>Kreatives Denken und Teamwork sind Ihnen wichtig? Sie sch\u00e4tzen Herausforderungen ebenso wie die Perfektion im Detail? Dann stellen Sie mit Autec die Weichen f\u00fcr Ihren beruflichen Erfolg bei TAS! Als Hersteller technologisch f\u00fchrender Investitionsg\u00fcter stehen wir st\u00e4ndig vor neuen, spannenden Aufgaben \u2013 und sind dabei auf die Innovationskraft unserer Mitarbeiterinnen und Mitarbeiter angewiesen.<\/p>\n<p>Wir erweitern kontinuierlich unser Team \u2013 beispielsweise in unseren Unternehmensbereichen Projektierung, Entwicklung, Herstellung, aber auch f\u00fcr den Vertrieb von TAS-Montage- und Pr\u00fcfanlagen. Auch Quereinsteiger, etwa nach einem abgebrochenem Studium, sind uns herzlich willkommen.<\/p>\n<p>Wenn Sie an einer unserer Stellenausschreibungen bei TAS in Sibiu in Rum\u00e4nien interessiert sind, kontaktieren Sie uns bitte schriftlich oder telefonisch. Wir freuen uns auf Ihre Bewerbung!<\/p>\n<\/div><\/div><\/div><div class=\"fusion-clearfix\"><\/div><\/div><\/div><div class=\"fusion-layout-column fusion_builder_column fusion-builder-column-1 fusion_builder_column_1_3 1_3 fusion-one-third fusion-column-last\" style=\"--awb-overflow:hidden;--awb-bg-size:cover;--awb-border-radius:10px 10px 10px 10px;width:33.333333333333%;width:calc(33.333333333333% - ( ( 4% ) * 0.33333333333333 ) );\"><div class=\"fusion-column-wrapper fusion-column-has-shadow fusion-flex-column-wrapper-legacy\"><div class=\"fusion-column-content-centered\"><div class=\"fusion-column-content\"><div class=\"fusion-image-element fusion-image-align-center in-legacy-container\" style=\"text-align:center;--awb-caption-title-font-family:var(--h2_typography-font-family);--awb-caption-title-font-weight:var(--h2_typography-font-weight);--awb-caption-title-font-style:var(--h2_typography-font-style);--awb-caption-title-size:var(--h2_typography-font-size);--awb-caption-title-transform:var(--h2_typography-text-transform);--awb-caption-title-line-height:var(--h2_typography-line-height);--awb-caption-title-letter-spacing:var(--h2_typography-letter-spacing);\"><div class=\"imageframe-align-center\"><span class=\" fusion-imageframe imageframe-none imageframe-1 hover-type-none\" style=\"border-radius:50%;\"><img decoding=\"async\" width=\"800\" height=\"800\" alt=\"Careers at TAS in Sibiu, Romania\" title=\"TAS-careers-at-TAS\" src=\"https:\/\/www.tehnicadeautomatizare.ro\/wp-content\/uploads\/2020\/11\/TAS-careers-at-TAS.jpg\" data-orig-src=\"https:\/\/www.tehnicadeautomatizare.ro\/wp-content\/uploads\/2020\/11\/TAS-careers-at-TAS.jpg\" class=\"lazyload img-responsive wp-image-2829\" srcset=\"data:image\/svg+xml,%3Csvg%20xmlns%3D%27http%3A%2F%2Fwww.w3.org%2F2000%2Fsvg%27%20width%3D%27800%27%20height%3D%27800%27%20viewBox%3D%270%200%20800%20800%27%3E%3Crect%20width%3D%27800%27%20height%3D%27800%27%20fill-opacity%3D%220%22%2F%3E%3C%2Fsvg%3E\" data-srcset=\"https:\/\/www.tehnicadeautomatizare.ro\/wp-content\/uploads\/2020\/11\/TAS-careers-at-TAS-200x200.jpg 200w, https:\/\/www.tehnicadeautomatizare.ro\/wp-content\/uploads\/2020\/11\/TAS-careers-at-TAS-400x400.jpg 400w, https:\/\/www.tehnicadeautomatizare.ro\/wp-content\/uploads\/2020\/11\/TAS-careers-at-TAS-600x600.jpg 600w, https:\/\/www.tehnicadeautomatizare.ro\/wp-content\/uploads\/2020\/11\/TAS-careers-at-TAS.jpg 800w\" data-sizes=\"auto\" data-orig-sizes=\"(max-width: 1000px) 100vw, 400px\" \/><\/span><\/div><\/div><\/div><\/div><div class=\"fusion-clearfix\"><\/div><\/div><\/div><\/div><\/div><\/p>\n","protected":false},"excerpt":{"rendered":"","protected":false},"author":1,"featured_media":0,"parent":0,"menu_order":0,"comment_status":"closed","ping_status":"closed","template":"","meta":{"footnotes":""},"class_list":["post-3159","page","type-page","status-publish","hentry"],"yoast_head":"<!-- This site is optimized with the Yoast SEO plugin v27.4 - https:\/\/yoast.com\/product\/yoast-seo-wordpress\/ -->\n<title>Karriere - Tehnica de Automatizare<\/title>\n<meta name=\"description\" content=\"Aktuelle Stellenausschreibungen und Ausbildungsangebote \u2013 Ihre Karriere bei TAS.\" \/>\n<meta name=\"robots\" content=\"index, follow, max-snippet:-1, max-image-preview:large, max-video-preview:-1\" \/>\n<link rel=\"canonical\" href=\"https:\/\/www.tehnicadeautomatizare.ro\/de\/karriere\/\" \/>\n<meta property=\"og:locale\" content=\"de_DE\" \/>\n<meta property=\"og:type\" content=\"article\" \/>\n<meta property=\"og:title\" content=\"Karriere - Tehnica de Automatizare\" \/>\n<meta property=\"og:description\" content=\"Aktuelle Stellenausschreibungen und Ausbildungsangebote \u2013 Ihre Karriere bei TAS.\" \/>\n<meta property=\"og:url\" content=\"https:\/\/www.tehnicadeautomatizare.ro\/de\/karriere\/\" \/>\n<meta property=\"og:site_name\" content=\"Tehnica de Automatizare\" \/>\n<meta property=\"article:modified_time\" content=\"2020-12-11T14:26:53+00:00\" \/>\n<meta name=\"twitter:card\" content=\"summary_large_image\" \/>\n<meta name=\"twitter:label1\" content=\"Gesch\u00e4tzte Lesezeit\" \/>\n\t<meta name=\"twitter:data1\" content=\"11\u00a0Minuten\" \/>\n<script type=\"application\/ld+json\" class=\"yoast-schema-graph\">{\"@context\":\"https:\\\/\\\/schema.org\",\"@graph\":[{\"@type\":\"WebPage\",\"@id\":\"https:\\\/\\\/www.tehnicadeautomatizare.ro\\\/de\\\/karriere\\\/\",\"url\":\"https:\\\/\\\/www.tehnicadeautomatizare.ro\\\/de\\\/karriere\\\/\",\"name\":\"Karriere - Tehnica de Automatizare\",\"isPartOf\":{\"@id\":\"https:\\\/\\\/www.tehnicadeautomatizare.ro\\\/de\\\/#website\"},\"datePublished\":\"2020-12-10T16:01:16+00:00\",\"dateModified\":\"2020-12-11T14:26:53+00:00\",\"description\":\"Aktuelle Stellenausschreibungen und Ausbildungsangebote \u2013 Ihre Karriere bei TAS.\",\"breadcrumb\":{\"@id\":\"https:\\\/\\\/www.tehnicadeautomatizare.ro\\\/de\\\/karriere\\\/#breadcrumb\"},\"inLanguage\":\"de\",\"potentialAction\":[{\"@type\":\"ReadAction\",\"target\":[\"https:\\\/\\\/www.tehnicadeautomatizare.ro\\\/de\\\/karriere\\\/\"]}]},{\"@type\":\"BreadcrumbList\",\"@id\":\"https:\\\/\\\/www.tehnicadeautomatizare.ro\\\/de\\\/karriere\\\/#breadcrumb\",\"itemListElement\":[{\"@type\":\"ListItem\",\"position\":1,\"name\":\"Home\",\"item\":\"https:\\\/\\\/www.tehnicadeautomatizare.ro\\\/de\\\/\"},{\"@type\":\"ListItem\",\"position\":2,\"name\":\"Karriere\"}]},{\"@type\":\"WebSite\",\"@id\":\"https:\\\/\\\/www.tehnicadeautomatizare.ro\\\/de\\\/#website\",\"url\":\"https:\\\/\\\/www.tehnicadeautomatizare.ro\\\/de\\\/\",\"name\":\"Tehnica de Automatizare\",\"description\":\"Factory Automation\",\"publisher\":{\"@id\":\"https:\\\/\\\/www.tehnicadeautomatizare.ro\\\/de\\\/#organization\"},\"potentialAction\":[{\"@type\":\"SearchAction\",\"target\":{\"@type\":\"EntryPoint\",\"urlTemplate\":\"https:\\\/\\\/www.tehnicadeautomatizare.ro\\\/de\\\/?s={search_term_string}\"},\"query-input\":{\"@type\":\"PropertyValueSpecification\",\"valueRequired\":true,\"valueName\":\"search_term_string\"}}],\"inLanguage\":\"de\"},{\"@type\":\"Organization\",\"@id\":\"https:\\\/\\\/www.tehnicadeautomatizare.ro\\\/de\\\/#organization\",\"name\":\"S.C. Tehnica de Automatizare Sibiu S.R.L.\",\"url\":\"https:\\\/\\\/www.tehnicadeautomatizare.ro\\\/de\\\/\",\"logo\":{\"@type\":\"ImageObject\",\"inLanguage\":\"de\",\"@id\":\"https:\\\/\\\/www.tehnicadeautomatizare.ro\\\/de\\\/#\\\/schema\\\/logo\\\/image\\\/\",\"url\":\"https:\\\/\\\/www.tehnicadeautomatizare.ro\\\/wp-content\\\/uploads\\\/2020\\\/12\\\/TAS-Logo_152.png\",\"contentUrl\":\"https:\\\/\\\/www.tehnicadeautomatizare.ro\\\/wp-content\\\/uploads\\\/2020\\\/12\\\/TAS-Logo_152.png\",\"width\":152,\"height\":152,\"caption\":\"S.C. Tehnica de Automatizare Sibiu S.R.L.\"},\"image\":{\"@id\":\"https:\\\/\\\/www.tehnicadeautomatizare.ro\\\/de\\\/#\\\/schema\\\/logo\\\/image\\\/\"}}]}<\/script>\n<!-- \/ Yoast SEO plugin. -->","yoast_head_json":{"title":"Karriere - Tehnica de Automatizare","description":"Aktuelle Stellenausschreibungen und Ausbildungsangebote \u2013 Ihre Karriere bei TAS.","robots":{"index":"index","follow":"follow","max-snippet":"max-snippet:-1","max-image-preview":"max-image-preview:large","max-video-preview":"max-video-preview:-1"},"canonical":"https:\/\/www.tehnicadeautomatizare.ro\/de\/karriere\/","og_locale":"de_DE","og_type":"article","og_title":"Karriere - Tehnica de Automatizare","og_description":"Aktuelle Stellenausschreibungen und Ausbildungsangebote \u2013 Ihre Karriere bei TAS.","og_url":"https:\/\/www.tehnicadeautomatizare.ro\/de\/karriere\/","og_site_name":"Tehnica de Automatizare","article_modified_time":"2020-12-11T14:26:53+00:00","twitter_card":"summary_large_image","twitter_misc":{"Gesch\u00e4tzte Lesezeit":"11\u00a0Minuten"},"schema":{"@context":"https:\/\/schema.org","@graph":[{"@type":"WebPage","@id":"https:\/\/www.tehnicadeautomatizare.ro\/de\/karriere\/","url":"https:\/\/www.tehnicadeautomatizare.ro\/de\/karriere\/","name":"Karriere - Tehnica de Automatizare","isPartOf":{"@id":"https:\/\/www.tehnicadeautomatizare.ro\/de\/#website"},"datePublished":"2020-12-10T16:01:16+00:00","dateModified":"2020-12-11T14:26:53+00:00","description":"Aktuelle Stellenausschreibungen und Ausbildungsangebote \u2013 Ihre Karriere bei TAS.","breadcrumb":{"@id":"https:\/\/www.tehnicadeautomatizare.ro\/de\/karriere\/#breadcrumb"},"inLanguage":"de","potentialAction":[{"@type":"ReadAction","target":["https:\/\/www.tehnicadeautomatizare.ro\/de\/karriere\/"]}]},{"@type":"BreadcrumbList","@id":"https:\/\/www.tehnicadeautomatizare.ro\/de\/karriere\/#breadcrumb","itemListElement":[{"@type":"ListItem","position":1,"name":"Home","item":"https:\/\/www.tehnicadeautomatizare.ro\/de\/"},{"@type":"ListItem","position":2,"name":"Karriere"}]},{"@type":"WebSite","@id":"https:\/\/www.tehnicadeautomatizare.ro\/de\/#website","url":"https:\/\/www.tehnicadeautomatizare.ro\/de\/","name":"Tehnica de Automatizare","description":"Factory Automation","publisher":{"@id":"https:\/\/www.tehnicadeautomatizare.ro\/de\/#organization"},"potentialAction":[{"@type":"SearchAction","target":{"@type":"EntryPoint","urlTemplate":"https:\/\/www.tehnicadeautomatizare.ro\/de\/?s={search_term_string}"},"query-input":{"@type":"PropertyValueSpecification","valueRequired":true,"valueName":"search_term_string"}}],"inLanguage":"de"},{"@type":"Organization","@id":"https:\/\/www.tehnicadeautomatizare.ro\/de\/#organization","name":"S.C. Tehnica de Automatizare Sibiu S.R.L.","url":"https:\/\/www.tehnicadeautomatizare.ro\/de\/","logo":{"@type":"ImageObject","inLanguage":"de","@id":"https:\/\/www.tehnicadeautomatizare.ro\/de\/#\/schema\/logo\/image\/","url":"https:\/\/www.tehnicadeautomatizare.ro\/wp-content\/uploads\/2020\/12\/TAS-Logo_152.png","contentUrl":"https:\/\/www.tehnicadeautomatizare.ro\/wp-content\/uploads\/2020\/12\/TAS-Logo_152.png","width":152,"height":152,"caption":"S.C. Tehnica de Automatizare Sibiu S.R.L."},"image":{"@id":"https:\/\/www.tehnicadeautomatizare.ro\/de\/#\/schema\/logo\/image\/"}}]}},"_links":{"self":[{"href":"https:\/\/www.tehnicadeautomatizare.ro\/de\/wp-json\/wp\/v2\/pages\/3159","targetHints":{"allow":["GET"]}}],"collection":[{"href":"https:\/\/www.tehnicadeautomatizare.ro\/de\/wp-json\/wp\/v2\/pages"}],"about":[{"href":"https:\/\/www.tehnicadeautomatizare.ro\/de\/wp-json\/wp\/v2\/types\/page"}],"author":[{"embeddable":true,"href":"https:\/\/www.tehnicadeautomatizare.ro\/de\/wp-json\/wp\/v2\/users\/1"}],"replies":[{"embeddable":true,"href":"https:\/\/www.tehnicadeautomatizare.ro\/de\/wp-json\/wp\/v2\/comments?post=3159"}],"version-history":[{"count":7,"href":"https:\/\/www.tehnicadeautomatizare.ro\/de\/wp-json\/wp\/v2\/pages\/3159\/revisions"}],"predecessor-version":[{"id":3283,"href":"https:\/\/www.tehnicadeautomatizare.ro\/de\/wp-json\/wp\/v2\/pages\/3159\/revisions\/3283"}],"wp:attachment":[{"href":"https:\/\/www.tehnicadeautomatizare.ro\/de\/wp-json\/wp\/v2\/media?parent=3159"}],"curies":[{"name":"wp","href":"https:\/\/api.w.org\/{rel}","templated":true}]}}