{"id":3193,"date":"2020-12-11T12:48:39","date_gmt":"2020-12-11T12:48:39","guid":{"rendered":"https:\/\/www.tehnicadeautomatizare.ro\/wp2\/prozesse\/"},"modified":"2020-12-11T14:36:11","modified_gmt":"2020-12-11T14:36:11","slug":"prozesse","status":"publish","type":"page","link":"https:\/\/www.tehnicadeautomatizare.ro\/de\/prozesse\/","title":{"rendered":"Prozesse"},"content":{"rendered":"<p><div class=\"fusion-fullwidth fullwidth-box fusion-builder-row-1 nonhundred-percent-fullwidth non-hundred-percent-height-scrolling fusion-equal-height-columns\" style=\"--awb-border-radius-top-left:0px;--awb-border-radius-top-right:0px;--awb-border-radius-bottom-right:0px;--awb-border-radius-bottom-left:0px;--awb-padding-bottom:20px;--awb-margin-bottom:30px;--awb-flex-wrap:wrap;\" ><div class=\"fusion-builder-row fusion-row\"><div class=\"fusion-layout-column fusion_builder_column fusion-builder-column-0 fusion_builder_column_2_3 2_3 fusion-two-third fusion-column-first\" style=\"--awb-padding-right:10px;--awb-padding-bottom:20px;--awb-overflow:hidden;--awb-bg-color:rgba(255,255,255,0);--awb-bg-color-hover:rgba(255,255,255,0);--awb-bg-size:cover;--awb-border-radius:10px 10px 10px 10px;width:66.666666666667%;width:calc(66.666666666667% - ( ( 4% ) * 0.66666666666667 ) );margin-right: 4%;\"><div class=\"fusion-column-wrapper fusion-column-has-shadow fusion-flex-column-wrapper-legacy\"><div class=\"fusion-text fusion-text-1\"><h1><span style=\"color: #dd0000;\">Eine Vielzahl von Anwendungen<\/span><\/h1>\n<\/div><div class=\"fusion-text fusion-text-2\"><p>TAS realisiert ganzheitliche Automationsl\u00f6sungen fu\u0308r unterschiedlichste Anwendungen. Auf dem Weg vom Bauteil zum fertigen Produkt (und daru\u0308ber hinaus) lassen sich zahlreiche anspruchsvolle Produktionsschritte in Anlagen von TAS integrieren \u2013 von der pr\u00e4zisen Bearbeitung und Montage u\u0308ber Pru\u0308fvorg\u00e4nge bis hin zum Beschriften und Palettieren.<br \/>\nJe nach Aufgabenstellung w\u00e4hlt TAS die bestgeeignete Technologie, um ideale Taktraten und hohe Flexibilit\u00e4t zu erzielen. Durch weitestm\u00f6gliche Standardisierung minimieren wir zudem die Umsetzungskosten und -zeit.<\/p>\n<\/div><div class=\"fusion-clearfix\"><\/div><\/div><\/div><div class=\"fusion-layout-column fusion_builder_column fusion-builder-column-1 fusion_builder_column_1_3 1_3 fusion-one-third fusion-column-last\" style=\"--awb-overflow:hidden;--awb-bg-size:cover;--awb-border-radius:10px 10px 10px 10px;width:33.333333333333%;width:calc(33.333333333333% - ( ( 4% ) * 0.33333333333333 ) );\"><div class=\"fusion-column-wrapper fusion-column-has-shadow fusion-flex-column-wrapper-legacy\"><div class=\"fusion-image-element fusion-image-align-center in-legacy-container\" style=\"text-align:center;--awb-caption-title-font-family:var(--h2_typography-font-family);--awb-caption-title-font-weight:var(--h2_typography-font-weight);--awb-caption-title-font-style:var(--h2_typography-font-style);--awb-caption-title-size:var(--h2_typography-font-size);--awb-caption-title-transform:var(--h2_typography-text-transform);--awb-caption-title-line-height:var(--h2_typography-line-height);--awb-caption-title-letter-spacing:var(--h2_typography-letter-spacing);\"><div class=\"imageframe-align-center\"><span class=\" fusion-imageframe imageframe-none imageframe-1 hover-type-none\" style=\"border-radius:50%;\"><img decoding=\"async\" width=\"800\" height=\"800\" alt=\"Process techniques by TAS\" title=\"TAS-process-techniques\" src=\"https:\/\/www.tehnicadeautomatizare.ro\/wp-content\/uploads\/2020\/11\/TAS-process-techniques-1.jpg\" data-orig-src=\"https:\/\/www.tehnicadeautomatizare.ro\/wp-content\/uploads\/2020\/11\/TAS-process-techniques-1.jpg\" class=\"lazyload img-responsive wp-image-2733\" srcset=\"data:image\/svg+xml,%3Csvg%20xmlns%3D%27http%3A%2F%2Fwww.w3.org%2F2000%2Fsvg%27%20width%3D%27800%27%20height%3D%27800%27%20viewBox%3D%270%200%20800%20800%27%3E%3Crect%20width%3D%27800%27%20height%3D%27800%27%20fill-opacity%3D%220%22%2F%3E%3C%2Fsvg%3E\" data-srcset=\"https:\/\/www.tehnicadeautomatizare.ro\/wp-content\/uploads\/2020\/11\/TAS-process-techniques-1-200x200.jpg 200w, https:\/\/www.tehnicadeautomatizare.ro\/wp-content\/uploads\/2020\/11\/TAS-process-techniques-1-400x400.jpg 400w, https:\/\/www.tehnicadeautomatizare.ro\/wp-content\/uploads\/2020\/11\/TAS-process-techniques-1-600x600.jpg 600w, https:\/\/www.tehnicadeautomatizare.ro\/wp-content\/uploads\/2020\/11\/TAS-process-techniques-1.jpg 800w\" data-sizes=\"auto\" data-orig-sizes=\"(max-width: 1000px) 100vw, 400px\" \/><\/span><\/div><\/div><div class=\"fusion-clearfix\"><\/div><\/div><\/div><\/div><\/div><div class=\"fusion-bg-parallax\" data-bg-align=\"center center\" data-direction=\"left\" data-mute=\"false\" data-opacity=\"100\" data-velocity=\"-0.2\" data-mobile-enabled=\"false\" data-break_parents=\"0\" data-bg-image=\"https:\/\/www.tehnicadeautomatizare.ro\/wp-content\/uploads\/2020\/11\/TAS_Implemented-processes.jpg\" data-bg-repeat=\"false\" ><\/div><div class=\"fusion-fullwidth fullwidth-box fusion-builder-row-2 fusion-parallax-left nonhundred-percent-fullwidth non-hundred-percent-height-scrolling lazyload\" style=\"--awb-border-radius-top-left:0px;--awb-border-radius-top-right:0px;--awb-border-radius-bottom-right:0px;--awb-border-radius-bottom-left:0px;--awb-padding-top:60px;--awb-padding-bottom:80px;--awb-margin-top:50px;--awb-margin-bottom:0px;--awb-background-size:cover;--awb-flex-wrap:wrap;\" data-bg=\"https:\/\/www.tehnicadeautomatizare.ro\/wp-content\/uploads\/2020\/11\/TAS_Implemented-processes.jpg\" ><div class=\"fusion-builder-row fusion-row\"><div class=\"fusion-layout-column fusion_builder_column fusion-builder-column-2 fusion_builder_column_1_1 1_1 fusion-one-full fusion-column-first fusion-column-last\" style=\"--awb-bg-size:cover;\"><div class=\"fusion-column-wrapper fusion-column-has-shadow fusion-flex-column-wrapper-legacy\"><div class=\"fusion-text fusion-text-3\"><h1><span style=\"color: #ffffff;\">Verfahrenstechniken<\/span><\/h1>\n<\/div><div class=\"fusion-clearfix\"><\/div><\/div><\/div><div class=\"fusion-layout-column fusion_builder_column fusion-builder-column-3 fusion_builder_column_1_4 1_4 fusion-one-fourth fusion-column-first\" style=\"--awb-padding-top:10px;--awb-padding-right:10px;--awb-padding-bottom:20px;--awb-padding-left:30px;--awb-overflow:hidden;--awb-bg-color:rgba(0,0,0,0.4);--awb-bg-color-hover:rgba(0,0,0,0.4);--awb-bg-size:cover;--awb-border-radius:20px 20px 20px 20px;width:25%;width:calc(25% - ( ( 4% + 4% + 4% ) * 0.25 ) );margin-right: 4%;\"><div class=\"fusion-column-wrapper fusion-column-has-shadow fusion-flex-column-wrapper-legacy\"><div class=\"fusion-text fusion-text-4\"><h2><span style=\"font-size: 0.6em; color: #ffffff;\">Handhabung<\/span><\/h2>\n<\/div><div class=\"fusion-text fusion-text-5\"><p><span style=\"color: #ffffff;\">\u2022 Best\u00fccken<\/span><br \/>\n<span style=\"color: #ffffff;\">\u2022 Sortieren<\/span><br \/>\n<span style=\"color: #ffffff;\">\u2022 Zuf\u00fchren<\/span><br \/>\n<span style=\"color: #ffffff;\">\u2022 Montieren<\/span><br \/>\n<span style=\"color: #ffffff;\">\u2022 Verpacken<\/span><br \/>\n<span style=\"color: #ffffff;\">\u2022 Palettieren<\/span><\/p>\n<\/div><div class=\"fusion-clearfix\"><\/div><\/div><\/div><div class=\"fusion-layout-column fusion_builder_column fusion-builder-column-4 fusion_builder_column_1_4 1_4 fusion-one-fourth\" style=\"--awb-padding-top:10px;--awb-padding-right:10px;--awb-padding-bottom:20px;--awb-padding-left:30px;--awb-overflow:hidden;--awb-bg-color:rgba(0,0,0,0.4);--awb-bg-color-hover:rgba(0,0,0,0.4);--awb-bg-size:cover;--awb-border-radius:20px 20px 20px 20px;width:25%;width:calc(25% - ( ( 4% + 4% + 4% ) * 0.25 ) );margin-right: 4%;\"><div class=\"fusion-column-wrapper fusion-column-has-shadow fusion-flex-column-wrapper-legacy\"><div class=\"fusion-text fusion-text-6\"><h2><span style=\"font-size: 0.6em; color: #ffffff;\">VERARBEITEN<\/span><\/h2>\n<\/div><div class=\"fusion-text fusion-text-7\"><p><span style=\"color: #ffffff;\">\u2022 Fetten<br \/>\n\u2022 Vergie\u00dfen<br \/>\n\u2022 Dosieren<br \/>\n\u2022 Einpressen<br \/>\n\u2022 Stanzen<br \/>\n\u2022 Schrauben<br \/>\n\u2022 Trennen<br \/>\n\u2022 Nieten<br \/>\n\u2022 Taumeln<br \/>\n\u2022 Laserbeschriften<br \/>\n\u2022 Pr\u00e4gen<br \/>\n\u2022 Tampondrucken<br \/>\n\u2022 Tintenstrahldrucken<\/span><\/p>\n<\/div><div class=\"fusion-clearfix\"><\/div><\/div><\/div><div class=\"fusion-layout-column fusion_builder_column fusion-builder-column-5 fusion_builder_column_1_4 1_4 fusion-one-fourth\" style=\"--awb-padding-top:10px;--awb-padding-right:10px;--awb-padding-bottom:20px;--awb-padding-left:30px;--awb-overflow:hidden;--awb-bg-color:rgba(0,0,0,0.4);--awb-bg-color-hover:rgba(0,0,0,0.4);--awb-bg-size:cover;--awb-border-radius:20px 20px 20px 20px;width:25%;width:calc(25% - ( ( 4% + 4% + 4% ) * 0.25 ) );margin-right: 4%;\"><div class=\"fusion-column-wrapper fusion-column-has-shadow fusion-flex-column-wrapper-legacy\"><div class=\"fusion-text fusion-text-8\"><h2><span style=\"font-size: 0.6em; color: #ffffff;\">SCHWEISSEN<\/span><\/h2>\n<\/div><div class=\"fusion-text fusion-text-9\"><p><span style=\"color: #ffffff;\">\u2022 Laser<br \/>\n\u2022 Ultraschall<br \/>\n\u2022 Widerstand<br \/>\n\u2022 Schutzgas<\/span><\/p>\n<\/div><div class=\"fusion-clearfix\"><\/div><\/div><\/div><div class=\"fusion-layout-column fusion_builder_column fusion-builder-column-6 fusion_builder_column_1_4 1_4 fusion-one-fourth fusion-column-last\" style=\"--awb-padding-top:10px;--awb-padding-right:10px;--awb-padding-bottom:20px;--awb-padding-left:30px;--awb-overflow:hidden;--awb-bg-color:rgba(0,0,0,0.4);--awb-bg-color-hover:rgba(0,0,0,0.4);--awb-bg-size:cover;--awb-border-radius:20px 20px 20px 20px;width:25%;width:calc(25% - ( ( 4% + 4% + 4% ) * 0.25 ) );\"><div class=\"fusion-column-wrapper fusion-column-has-shadow fusion-flex-column-wrapper-legacy\"><div class=\"fusion-text fusion-text-10\"><h2><span style=\"font-size: 0.6em; color: #ffffff; line-height: 0.8em!important;\">MESSEN UND PR\u00dcFEN<br \/>\n<\/span><\/h2>\n<\/div><div class=\"fusion-text fusion-text-11\"><p><span style=\"color: #ffffff;\">\u2022 End of Line-Test (EOL)<br \/>\n\u2022 Dichtheitspru\u0308fung<br \/>\n\u2022 Drehmomentpru\u0308fung<br \/>\n\u2022 Durchgangspru\u0308fung<br \/>\n\u2022 HV-Pru\u0308fung<br \/>\n\u2022 Kamerapru\u0308fung (AOI)<br \/>\n\u2022 Kraft-Weg-Messung<br \/>\n\u2022 Mechanische Pru\u0308fung<\/span><\/p>\n<\/div><div class=\"fusion-clearfix\"><\/div><\/div><\/div><\/div><\/div><\/p>\n","protected":false},"excerpt":{"rendered":"","protected":false},"author":1,"featured_media":0,"parent":0,"menu_order":0,"comment_status":"closed","ping_status":"closed","template":"100-width.php","meta":{"footnotes":""},"class_list":["post-3193","page","type-page","status-publish","hentry"],"yoast_head":"<!-- This site is optimized with the Yoast SEO plugin v27.5 - https:\/\/yoast.com\/product\/yoast-seo-wordpress\/ -->\n<title>Prozesse - Tehnica de Automatizare<\/title>\n<meta name=\"description\" content=\"Prozesstechniken, die in TAS-Systeme integriert werden k\u00f6nnen \u2013 von der pr\u00e4zisen Bearbeitung und Montage bis hin zu Testvorg\u00e4ngen und Palettieren.\" \/>\n<meta name=\"robots\" content=\"index, follow, max-snippet:-1, max-image-preview:large, max-video-preview:-1\" \/>\n<link rel=\"canonical\" href=\"https:\/\/www.tehnicadeautomatizare.ro\/de\/prozesse\/\" \/>\n<meta property=\"og:locale\" content=\"de_DE\" \/>\n<meta property=\"og:type\" content=\"article\" \/>\n<meta property=\"og:title\" content=\"Prozesse - Tehnica de Automatizare\" \/>\n<meta property=\"og:description\" content=\"Prozesstechniken, die in TAS-Systeme integriert werden k\u00f6nnen \u2013 von der pr\u00e4zisen Bearbeitung und Montage bis hin zu Testvorg\u00e4ngen und Palettieren.\" \/>\n<meta property=\"og:url\" content=\"https:\/\/www.tehnicadeautomatizare.ro\/de\/prozesse\/\" \/>\n<meta property=\"og:site_name\" content=\"Tehnica de Automatizare\" \/>\n<meta property=\"article:modified_time\" content=\"2020-12-11T14:36:11+00:00\" \/>\n<meta name=\"twitter:card\" content=\"summary_large_image\" \/>\n<meta name=\"twitter:label1\" content=\"Gesch\u00e4tzte Lesezeit\" \/>\n\t<meta name=\"twitter:data1\" content=\"13\u00a0Minuten\" \/>\n<script type=\"application\/ld+json\" class=\"yoast-schema-graph\">{\"@context\":\"https:\\\/\\\/schema.org\",\"@graph\":[{\"@type\":\"WebPage\",\"@id\":\"https:\\\/\\\/www.tehnicadeautomatizare.ro\\\/de\\\/prozesse\\\/\",\"url\":\"https:\\\/\\\/www.tehnicadeautomatizare.ro\\\/de\\\/prozesse\\\/\",\"name\":\"Prozesse - Tehnica de Automatizare\",\"isPartOf\":{\"@id\":\"https:\\\/\\\/www.tehnicadeautomatizare.ro\\\/de\\\/#website\"},\"datePublished\":\"2020-12-11T12:48:39+00:00\",\"dateModified\":\"2020-12-11T14:36:11+00:00\",\"description\":\"Prozesstechniken, die in TAS-Systeme integriert werden k\u00f6nnen \u2013 von der pr\u00e4zisen Bearbeitung und Montage bis hin zu Testvorg\u00e4ngen und Palettieren.\",\"breadcrumb\":{\"@id\":\"https:\\\/\\\/www.tehnicadeautomatizare.ro\\\/de\\\/prozesse\\\/#breadcrumb\"},\"inLanguage\":\"de\",\"potentialAction\":[{\"@type\":\"ReadAction\",\"target\":[\"https:\\\/\\\/www.tehnicadeautomatizare.ro\\\/de\\\/prozesse\\\/\"]}]},{\"@type\":\"BreadcrumbList\",\"@id\":\"https:\\\/\\\/www.tehnicadeautomatizare.ro\\\/de\\\/prozesse\\\/#breadcrumb\",\"itemListElement\":[{\"@type\":\"ListItem\",\"position\":1,\"name\":\"Home\",\"item\":\"https:\\\/\\\/www.tehnicadeautomatizare.ro\\\/de\\\/\"},{\"@type\":\"ListItem\",\"position\":2,\"name\":\"Prozesse\"}]},{\"@type\":\"WebSite\",\"@id\":\"https:\\\/\\\/www.tehnicadeautomatizare.ro\\\/de\\\/#website\",\"url\":\"https:\\\/\\\/www.tehnicadeautomatizare.ro\\\/de\\\/\",\"name\":\"Tehnica de Automatizare\",\"description\":\"Factory Automation\",\"publisher\":{\"@id\":\"https:\\\/\\\/www.tehnicadeautomatizare.ro\\\/de\\\/#organization\"},\"potentialAction\":[{\"@type\":\"SearchAction\",\"target\":{\"@type\":\"EntryPoint\",\"urlTemplate\":\"https:\\\/\\\/www.tehnicadeautomatizare.ro\\\/de\\\/?s={search_term_string}\"},\"query-input\":{\"@type\":\"PropertyValueSpecification\",\"valueRequired\":true,\"valueName\":\"search_term_string\"}}],\"inLanguage\":\"de\"},{\"@type\":\"Organization\",\"@id\":\"https:\\\/\\\/www.tehnicadeautomatizare.ro\\\/de\\\/#organization\",\"name\":\"S.C. Tehnica de Automatizare Sibiu S.R.L.\",\"url\":\"https:\\\/\\\/www.tehnicadeautomatizare.ro\\\/de\\\/\",\"logo\":{\"@type\":\"ImageObject\",\"inLanguage\":\"de\",\"@id\":\"https:\\\/\\\/www.tehnicadeautomatizare.ro\\\/de\\\/#\\\/schema\\\/logo\\\/image\\\/\",\"url\":\"https:\\\/\\\/www.tehnicadeautomatizare.ro\\\/wp-content\\\/uploads\\\/2020\\\/12\\\/TAS-Logo_152.png\",\"contentUrl\":\"https:\\\/\\\/www.tehnicadeautomatizare.ro\\\/wp-content\\\/uploads\\\/2020\\\/12\\\/TAS-Logo_152.png\",\"width\":152,\"height\":152,\"caption\":\"S.C. Tehnica de Automatizare Sibiu S.R.L.\"},\"image\":{\"@id\":\"https:\\\/\\\/www.tehnicadeautomatizare.ro\\\/de\\\/#\\\/schema\\\/logo\\\/image\\\/\"}}]}<\/script>\n<!-- \/ Yoast SEO plugin. -->","yoast_head_json":{"title":"Prozesse - Tehnica de Automatizare","description":"Prozesstechniken, die in TAS-Systeme integriert werden k\u00f6nnen \u2013 von der pr\u00e4zisen Bearbeitung und Montage bis hin zu Testvorg\u00e4ngen und Palettieren.","robots":{"index":"index","follow":"follow","max-snippet":"max-snippet:-1","max-image-preview":"max-image-preview:large","max-video-preview":"max-video-preview:-1"},"canonical":"https:\/\/www.tehnicadeautomatizare.ro\/de\/prozesse\/","og_locale":"de_DE","og_type":"article","og_title":"Prozesse - Tehnica de Automatizare","og_description":"Prozesstechniken, die in TAS-Systeme integriert werden k\u00f6nnen \u2013 von der pr\u00e4zisen Bearbeitung und Montage bis hin zu Testvorg\u00e4ngen und Palettieren.","og_url":"https:\/\/www.tehnicadeautomatizare.ro\/de\/prozesse\/","og_site_name":"Tehnica de Automatizare","article_modified_time":"2020-12-11T14:36:11+00:00","twitter_card":"summary_large_image","twitter_misc":{"Gesch\u00e4tzte Lesezeit":"13\u00a0Minuten"},"schema":{"@context":"https:\/\/schema.org","@graph":[{"@type":"WebPage","@id":"https:\/\/www.tehnicadeautomatizare.ro\/de\/prozesse\/","url":"https:\/\/www.tehnicadeautomatizare.ro\/de\/prozesse\/","name":"Prozesse - Tehnica de Automatizare","isPartOf":{"@id":"https:\/\/www.tehnicadeautomatizare.ro\/de\/#website"},"datePublished":"2020-12-11T12:48:39+00:00","dateModified":"2020-12-11T14:36:11+00:00","description":"Prozesstechniken, die in TAS-Systeme integriert werden k\u00f6nnen \u2013 von der pr\u00e4zisen Bearbeitung und Montage bis hin zu Testvorg\u00e4ngen und Palettieren.","breadcrumb":{"@id":"https:\/\/www.tehnicadeautomatizare.ro\/de\/prozesse\/#breadcrumb"},"inLanguage":"de","potentialAction":[{"@type":"ReadAction","target":["https:\/\/www.tehnicadeautomatizare.ro\/de\/prozesse\/"]}]},{"@type":"BreadcrumbList","@id":"https:\/\/www.tehnicadeautomatizare.ro\/de\/prozesse\/#breadcrumb","itemListElement":[{"@type":"ListItem","position":1,"name":"Home","item":"https:\/\/www.tehnicadeautomatizare.ro\/de\/"},{"@type":"ListItem","position":2,"name":"Prozesse"}]},{"@type":"WebSite","@id":"https:\/\/www.tehnicadeautomatizare.ro\/de\/#website","url":"https:\/\/www.tehnicadeautomatizare.ro\/de\/","name":"Tehnica de Automatizare","description":"Factory Automation","publisher":{"@id":"https:\/\/www.tehnicadeautomatizare.ro\/de\/#organization"},"potentialAction":[{"@type":"SearchAction","target":{"@type":"EntryPoint","urlTemplate":"https:\/\/www.tehnicadeautomatizare.ro\/de\/?s={search_term_string}"},"query-input":{"@type":"PropertyValueSpecification","valueRequired":true,"valueName":"search_term_string"}}],"inLanguage":"de"},{"@type":"Organization","@id":"https:\/\/www.tehnicadeautomatizare.ro\/de\/#organization","name":"S.C. Tehnica de Automatizare Sibiu S.R.L.","url":"https:\/\/www.tehnicadeautomatizare.ro\/de\/","logo":{"@type":"ImageObject","inLanguage":"de","@id":"https:\/\/www.tehnicadeautomatizare.ro\/de\/#\/schema\/logo\/image\/","url":"https:\/\/www.tehnicadeautomatizare.ro\/wp-content\/uploads\/2020\/12\/TAS-Logo_152.png","contentUrl":"https:\/\/www.tehnicadeautomatizare.ro\/wp-content\/uploads\/2020\/12\/TAS-Logo_152.png","width":152,"height":152,"caption":"S.C. Tehnica de Automatizare Sibiu S.R.L."},"image":{"@id":"https:\/\/www.tehnicadeautomatizare.ro\/de\/#\/schema\/logo\/image\/"}}]}},"_links":{"self":[{"href":"https:\/\/www.tehnicadeautomatizare.ro\/de\/wp-json\/wp\/v2\/pages\/3193","targetHints":{"allow":["GET"]}}],"collection":[{"href":"https:\/\/www.tehnicadeautomatizare.ro\/de\/wp-json\/wp\/v2\/pages"}],"about":[{"href":"https:\/\/www.tehnicadeautomatizare.ro\/de\/wp-json\/wp\/v2\/types\/page"}],"author":[{"embeddable":true,"href":"https:\/\/www.tehnicadeautomatizare.ro\/de\/wp-json\/wp\/v2\/users\/1"}],"replies":[{"embeddable":true,"href":"https:\/\/www.tehnicadeautomatizare.ro\/de\/wp-json\/wp\/v2\/comments?post=3193"}],"version-history":[{"count":12,"href":"https:\/\/www.tehnicadeautomatizare.ro\/de\/wp-json\/wp\/v2\/pages\/3193\/revisions"}],"predecessor-version":[{"id":3356,"href":"https:\/\/www.tehnicadeautomatizare.ro\/de\/wp-json\/wp\/v2\/pages\/3193\/revisions\/3356"}],"wp:attachment":[{"href":"https:\/\/www.tehnicadeautomatizare.ro\/de\/wp-json\/wp\/v2\/media?parent=3193"}],"curies":[{"name":"wp","href":"https:\/\/api.w.org\/{rel}","templated":true}]}}