{"id":3202,"date":"2020-12-11T12:51:37","date_gmt":"2020-12-11T12:51:37","guid":{"rendered":"https:\/\/www.tehnicadeautomatizare.ro\/wp2\/services\/"},"modified":"2022-01-04T08:50:04","modified_gmt":"2022-01-04T08:50:04","slug":"services","status":"publish","type":"page","link":"https:\/\/www.tehnicadeautomatizare.ro\/de\/services\/","title":{"rendered":"Services"},"content":{"rendered":"<p><div class=\"fusion-fullwidth fullwidth-box fusion-builder-row-1 nonhundred-percent-fullwidth non-hundred-percent-height-scrolling fusion-equal-height-columns\" style=\"--awb-border-radius-top-left:0px;--awb-border-radius-top-right:0px;--awb-border-radius-bottom-right:0px;--awb-border-radius-bottom-left:0px;--awb-margin-bottom:20px;--awb-flex-wrap:wrap;\" ><div class=\"fusion-builder-row fusion-row\"><div class=\"fusion-layout-column fusion_builder_column fusion-builder-column-0 fusion_builder_column_1_3 1_3 fusion-one-third fusion-column-first\" style=\"--awb-padding-top:40px;--awb-overflow:hidden;--awb-bg-size:cover;--awb-border-radius:10px 10px 10px 10px;width:33.333333333333%;width:calc(33.333333333333% - ( ( 4% ) * 0.33333333333333 ) );margin-right: 4%;\"><div class=\"fusion-column-wrapper fusion-column-has-shadow fusion-flex-column-wrapper-legacy\"><div class=\"fusion-image-element fusion-image-align-center in-legacy-container\" style=\"text-align:center;--awb-caption-title-font-family:var(--h2_typography-font-family);--awb-caption-title-font-weight:var(--h2_typography-font-weight);--awb-caption-title-font-style:var(--h2_typography-font-style);--awb-caption-title-size:var(--h2_typography-font-size);--awb-caption-title-transform:var(--h2_typography-text-transform);--awb-caption-title-line-height:var(--h2_typography-line-height);--awb-caption-title-letter-spacing:var(--h2_typography-letter-spacing);\"><div class=\"imageframe-align-center\"><span class=\" fusion-imageframe imageframe-none imageframe-1 hover-type-none\" style=\"border-radius:50%;\"><img decoding=\"async\" width=\"800\" height=\"800\" title=\"TAS-automation-services\" src=\"https:\/\/www.tehnicadeautomatizare.ro\/wp-content\/uploads\/2020\/11\/TAS-automation-services.jpg\" data-orig-src=\"https:\/\/www.tehnicadeautomatizare.ro\/wp-content\/uploads\/2020\/11\/TAS-automation-services.jpg\" alt class=\"lazyload img-responsive wp-image-2836\" srcset=\"data:image\/svg+xml,%3Csvg%20xmlns%3D%27http%3A%2F%2Fwww.w3.org%2F2000%2Fsvg%27%20width%3D%27800%27%20height%3D%27800%27%20viewBox%3D%270%200%20800%20800%27%3E%3Crect%20width%3D%27800%27%20height%3D%27800%27%20fill-opacity%3D%220%22%2F%3E%3C%2Fsvg%3E\" data-srcset=\"https:\/\/www.tehnicadeautomatizare.ro\/wp-content\/uploads\/2020\/11\/TAS-automation-services-200x200.jpg 200w, https:\/\/www.tehnicadeautomatizare.ro\/wp-content\/uploads\/2020\/11\/TAS-automation-services-400x400.jpg 400w, https:\/\/www.tehnicadeautomatizare.ro\/wp-content\/uploads\/2020\/11\/TAS-automation-services-600x600.jpg 600w, https:\/\/www.tehnicadeautomatizare.ro\/wp-content\/uploads\/2020\/11\/TAS-automation-services.jpg 800w\" data-sizes=\"auto\" data-orig-sizes=\"(max-width: 1000px) 100vw, 400px\" \/><\/span><\/div><\/div><div class=\"fusion-clearfix\"><\/div><\/div><\/div><div class=\"fusion-layout-column fusion_builder_column fusion-builder-column-1 fusion_builder_column_2_3 2_3 fusion-two-third fusion-column-last\" style=\"--awb-padding-right:10px;--awb-padding-left:30px;--awb-overflow:hidden;--awb-bg-color:rgba(255,255,255,0);--awb-bg-color-hover:rgba(255,255,255,0);--awb-bg-size:cover;--awb-border-radius:10px 10px 10px 10px;--awb-margin-bottom:0px;width:66.666666666667%;width:calc(66.666666666667% - ( ( 4% ) * 0.66666666666667 ) );\"><div class=\"fusion-column-wrapper fusion-column-has-shadow fusion-flex-column-wrapper-legacy\"><div class=\"fusion-text fusion-text-1\"><h1><span style=\"color: #dd0000;\">ENGAGIERTER SERVICE<br \/>\n<\/span><\/h1>\n<\/div><div class=\"fusion-text fusion-text-2\"><p>Zu unserem Komplettservice geh\u00f6rt die Inbetriebnahme Ihrer TAS-Anlage \u2013 an jedem beliebigen europ\u00e4ischen Produktionsstandort. Bei Bedarf schulen wir Ihr Personal in Bedienung und Wartung. Und als After-Sales-Paket bieten wir zudem abgestufte Wartungsvertr\u00e4ge fu\u0308r Ihre TAS-Anlage.<\/p>\n<p>Per Augmented Support wird Ihr Personal ku\u0308nftig Live- Instruktionen unserer Servicetechniker auf ein AR-taugliches Ger\u00e4t erhalten k\u00f6nnen \u2013 beispielsweise zur Installation, Wartung oder zur St\u00f6rungsbeseitigung. So werden Ausfallzeiten auf ein Minimum verringert und Servicekosten eingespart. Ein etwaiger Zugriff unserer Service-Mitarbeiter auf Ihre TAS-Anlage erfolgt dabei via VPN \u2013 und ausschlie\u00dflich unter Ihrer Kontrolle.<\/p>\n<\/div><div class=\"fusion-sep-clear\"><\/div><div class=\"fusion-separator fusion-full-width-sep\" style=\"margin-left: auto;margin-right: auto;margin-top:10px;margin-bottom:20px;width:100%;\"><\/div><div class=\"fusion-sep-clear\"><\/div><div class=\"fusion-content-boxes content-boxes columns row fusion-columns-1 fusion-columns-total-1 fusion-content-boxes-1 content-boxes-icon-on-top content-left\" style=\"--awb-hover-accent-color:#ffffff;--awb-circle-hover-accent-color:#ffffff;--awb-item-margin-bottom:40px;\" data-animationOffset=\"top-into-view\"><div style=\"--awb-backgroundcolor:rgba(0,0,0,0.7);--awb-iconcolor:#dd0000;\" class=\"fusion-column content-box-column content-box-column content-box-column-1 col-lg-12 col-md-12 col-sm-12 fusion-content-box-hover content-box-column-last content-box-column-last-in-row\"><div class=\"col content-box-wrapper content-wrapper-background link-area-link-icon link-type-button icon-hover-animation-none\" data-animationOffset=\"top-into-view\"><div class=\"heading heading-with-icon icon-left\"><a class=\"heading-link\" href=\"https:\/\/www.tehnicadeautomatizare.ro\/de\/support\/\" target=\"_blank\" rel=\"noopener noreferrer\"><div class=\"icon\"><i style=\"border-color:#212934;border-width:0px;background-color:#ffffff;box-sizing:content-box;height:64px;width:64px;line-height:64px;border-radius:50%;font-size:32px;\" aria-hidden=\"true\" class=\"fontawesome-icon fa-info fas circle-yes\"><\/i><\/div><\/a><\/div><div class=\"fusion-clearfix\"><\/div><div class=\"content-container\">\n<p>Sie ben\u00f6tigen Hilfe im konkreten St\u00f6rfall?<\/p>\n<\/div><div class=\"fusion-clearfix\"><\/div><a class=\"fusion-read-more-button fusion-content-box-button fusion-button button-default fusion-button-default-size button- button-flat\" href=\"https:\/\/www.tehnicadeautomatizare.ro\/de\/support\/\" target=\"_blank\" rel=\"noopener noreferrer\"><span class=\"fusion-button-text\">zum Kundensupport<\/span><\/a><div class=\"fusion-clearfix\"><\/div><\/div><\/div><div class=\"fusion-clearfix\"><\/div><\/div><div class=\"fusion-clearfix\"><\/div><\/div><\/div><\/div><\/div><div class=\"fusion-bg-parallax\" data-bg-align=\"center center\" data-direction=\"left\" data-mute=\"false\" data-opacity=\"100\" data-velocity=\"-0.2\" data-mobile-enabled=\"false\" data-break_parents=\"0\" data-bg-image=\"https:\/\/www.tehnicadeautomatizare.ro\/wp-content\/uploads\/2020\/07\/Autec-Retrofit-Anlage-modernisieren.jpg\" data-bg-repeat=\"false\" ><\/div><div class=\"fusion-fullwidth fullwidth-box fusion-builder-row-2 fusion-parallax-left nonhundred-percent-fullwidth non-hundred-percent-height-scrolling lazyload\" style=\"--awb-border-radius-top-left:0px;--awb-border-radius-top-right:0px;--awb-border-radius-bottom-right:0px;--awb-border-radius-bottom-left:0px;--awb-padding-top:80px;--awb-padding-bottom:70px;--awb-margin-top:20px;--awb-margin-bottom:0px;--awb-background-size:cover;--awb-flex-wrap:wrap;\" data-bg=\"https:\/\/www.tehnicadeautomatizare.ro\/wp-content\/uploads\/2020\/07\/Autec-Retrofit-Anlage-modernisieren.jpg\" ><div class=\"fusion-builder-row fusion-row\"><div class=\"fusion-layout-column fusion_builder_column fusion-builder-column-2 fusion_builder_column_1_1 1_1 fusion-one-full fusion-column-first fusion-column-last\" style=\"--awb-padding-top:10px;--awb-padding-right:30px;--awb-padding-bottom:40px;--awb-padding-left:40px;--awb-overflow:hidden;--awb-bg-color:rgba(0,0,0,0.4);--awb-bg-color-hover:rgba(0,0,0,0.4);--awb-bg-size:cover;--awb-border-radius:20px 20px 20px 20px;\"><div class=\"fusion-column-wrapper fusion-column-has-shadow fusion-flex-column-wrapper-legacy\"><div class=\"fusion-text fusion-text-3\"><h1><span style=\"color: #ffffff;\">Retrofit: Bew\u00e4hrte Produktionslinien zeitgem\u00e4\u00df aufr\u00fcsten<\/span><\/h1>\n<\/div><div class=\"fusion-sep-clear\"><\/div><div class=\"fusion-separator fusion-full-width-sep\" style=\"margin-left: auto;margin-right: auto;margin-top:0px;margin-bottom:20px;width:100%;\"><\/div><div class=\"fusion-sep-clear\"><\/div><div class=\"fusion-text fusion-text-4\"><p><span style=\"color: #ffffff;\">Mitunter \u00fcberwiegen die Vorteile einer Modernisierung bestehender Fertigungsanlagen, um deren Nutzungsdauer zu verl\u00e4ngern. Durch eine hardware- wie softwareseitige Aktualisierung l\u00e4sst sich nicht nur die Effizienz einer \u00e4lteren Fertigungslinie steigern, sondern auch die erzielte Produktqualit\u00e4t.<\/span><\/p>\n<p><span style=\"color: #ffffff;\">Ein Retrofit respektive eine Aktionierung vorhandener Anlagen optimiert Output und Zuverl\u00e4ssigkeit. Zugleich schafft das Einbetten in eine zeitgem\u00e4\u00dfe IT-Umgebung neue M\u00f6glichkeiten hinsichtlich Softwaresteuerung, Betriebsdatenerfassung und -analyse.<\/span><\/p>\n<p><span style=\"color: #ffffff;\">Auch solche Retrofit-Ma\u00dfnahmen sind Teil des ganzheitlichen Montagekonzepts von TAS: Nach Analyse Ihrer vorhandenen Automatisierungssysteme und Steuerungen, Ihrer Abl\u00e4ufe und Zielsetzungen erstellen wir Ihnen gerne ein ma\u00dfgeschneidertes Angebot.<\/span><\/p>\n<\/div><div class=\"fusion-clearfix\"><\/div><\/div><\/div><\/div><\/div><div class=\"fusion-fullwidth fullwidth-box fusion-builder-row-3 fusion-parallax-none nonhundred-percent-fullwidth non-hundred-percent-height-scrolling fusion-equal-height-columns lazyload\" style=\"--awb-border-radius-top-left:0px;--awb-border-radius-top-right:0px;--awb-border-radius-bottom-right:0px;--awb-border-radius-bottom-left:0px;--awb-margin-top:0px;--awb-margin-bottom:0px;--awb-background-size:cover;--awb-flex-wrap:wrap;\" data-bg=\"https:\/\/www.tehnicadeautomatizare.ro\/wp-content\/uploads\/2020\/12\/TAS_Customers-across-Europe-1440.jpg\" ><div class=\"fusion-builder-row fusion-row\"><div class=\"fusion-layout-column fusion_builder_column fusion-builder-column-3 fusion_builder_column_1_1 1_1 fusion-one-full fusion-column-first fusion-column-last\" style=\"--awb-overflow:hidden;--awb-bg-color:rgba(255,255,255,0);--awb-bg-color-hover:rgba(255,255,255,0);--awb-bg-size:cover;--awb-border-radius:10px 10px 10px 10px;\"><div class=\"fusion-column-wrapper fusion-column-has-shadow fusion-flex-column-wrapper-legacy\"><div class=\"fusion-sep-clear\"><\/div><div class=\"fusion-separator fusion-full-width-sep\" style=\"margin-left: auto;margin-right: auto;margin-top:40px;margin-bottom:40px;width:100%;\"><\/div><div class=\"fusion-sep-clear\"><\/div><div class=\"fusion-text fusion-text-5\"><h1><span style=\"color: #000000;\">TAS in Europa<\/span><\/h1>\n<\/div><div class=\"fusion-sep-clear\"><\/div><div class=\"fusion-separator fusion-full-width-sep\" style=\"margin-left: auto;margin-right: auto;margin-top:340px;margin-bottom:320px;width:100%;\"><\/div><div class=\"fusion-sep-clear\"><\/div><div class=\"fusion-clearfix\"><\/div><\/div><\/div><\/div><\/div><\/p>\n","protected":false},"excerpt":{"rendered":"","protected":false},"author":1,"featured_media":0,"parent":0,"menu_order":0,"comment_status":"closed","ping_status":"closed","template":"100-width.php","meta":{"footnotes":""},"class_list":["post-3202","page","type-page","status-publish","hentry"],"yoast_head":"<!-- This site is optimized with the Yoast SEO plugin v27.5 - https:\/\/yoast.com\/product\/yoast-seo-wordpress\/ -->\n<title>Services - Tehnica de Automatizare<\/title>\n<meta name=\"description\" content=\"Umfassender Service von der Inbetriebnahme Ihres TAS-Montagesystems bis zur Schulung Ihres Personals in Betrieb und Wartung.\" \/>\n<meta name=\"robots\" content=\"index, follow, max-snippet:-1, max-image-preview:large, max-video-preview:-1\" \/>\n<link rel=\"canonical\" href=\"https:\/\/www.tehnicadeautomatizare.ro\/de\/services\/\" \/>\n<meta property=\"og:locale\" content=\"de_DE\" \/>\n<meta property=\"og:type\" content=\"article\" \/>\n<meta property=\"og:title\" content=\"Services - Tehnica de Automatizare\" \/>\n<meta property=\"og:description\" content=\"Umfassender Service von der Inbetriebnahme Ihres TAS-Montagesystems bis zur Schulung Ihres Personals in Betrieb und Wartung.\" \/>\n<meta property=\"og:url\" content=\"https:\/\/www.tehnicadeautomatizare.ro\/de\/services\/\" \/>\n<meta property=\"og:site_name\" content=\"Tehnica de Automatizare\" \/>\n<meta property=\"article:modified_time\" content=\"2022-01-04T08:50:04+00:00\" \/>\n<meta name=\"twitter:card\" content=\"summary_large_image\" \/>\n<meta name=\"twitter:label1\" content=\"Gesch\u00e4tzte Lesezeit\" \/>\n\t<meta name=\"twitter:data1\" content=\"13\u00a0Minuten\" \/>\n<script type=\"application\/ld+json\" class=\"yoast-schema-graph\">{\"@context\":\"https:\\\/\\\/schema.org\",\"@graph\":[{\"@type\":\"WebPage\",\"@id\":\"https:\\\/\\\/www.tehnicadeautomatizare.ro\\\/de\\\/services\\\/\",\"url\":\"https:\\\/\\\/www.tehnicadeautomatizare.ro\\\/de\\\/services\\\/\",\"name\":\"Services - Tehnica de Automatizare\",\"isPartOf\":{\"@id\":\"https:\\\/\\\/www.tehnicadeautomatizare.ro\\\/de\\\/#website\"},\"datePublished\":\"2020-12-11T12:51:37+00:00\",\"dateModified\":\"2022-01-04T08:50:04+00:00\",\"description\":\"Umfassender Service von der Inbetriebnahme Ihres TAS-Montagesystems bis zur Schulung Ihres Personals in Betrieb und Wartung.\",\"breadcrumb\":{\"@id\":\"https:\\\/\\\/www.tehnicadeautomatizare.ro\\\/de\\\/services\\\/#breadcrumb\"},\"inLanguage\":\"de\",\"potentialAction\":[{\"@type\":\"ReadAction\",\"target\":[\"https:\\\/\\\/www.tehnicadeautomatizare.ro\\\/de\\\/services\\\/\"]}]},{\"@type\":\"BreadcrumbList\",\"@id\":\"https:\\\/\\\/www.tehnicadeautomatizare.ro\\\/de\\\/services\\\/#breadcrumb\",\"itemListElement\":[{\"@type\":\"ListItem\",\"position\":1,\"name\":\"Home\",\"item\":\"https:\\\/\\\/www.tehnicadeautomatizare.ro\\\/de\\\/\"},{\"@type\":\"ListItem\",\"position\":2,\"name\":\"Services\"}]},{\"@type\":\"WebSite\",\"@id\":\"https:\\\/\\\/www.tehnicadeautomatizare.ro\\\/de\\\/#website\",\"url\":\"https:\\\/\\\/www.tehnicadeautomatizare.ro\\\/de\\\/\",\"name\":\"Tehnica de Automatizare\",\"description\":\"Factory Automation\",\"publisher\":{\"@id\":\"https:\\\/\\\/www.tehnicadeautomatizare.ro\\\/de\\\/#organization\"},\"potentialAction\":[{\"@type\":\"SearchAction\",\"target\":{\"@type\":\"EntryPoint\",\"urlTemplate\":\"https:\\\/\\\/www.tehnicadeautomatizare.ro\\\/de\\\/?s={search_term_string}\"},\"query-input\":{\"@type\":\"PropertyValueSpecification\",\"valueRequired\":true,\"valueName\":\"search_term_string\"}}],\"inLanguage\":\"de\"},{\"@type\":\"Organization\",\"@id\":\"https:\\\/\\\/www.tehnicadeautomatizare.ro\\\/de\\\/#organization\",\"name\":\"S.C. Tehnica de Automatizare Sibiu S.R.L.\",\"url\":\"https:\\\/\\\/www.tehnicadeautomatizare.ro\\\/de\\\/\",\"logo\":{\"@type\":\"ImageObject\",\"inLanguage\":\"de\",\"@id\":\"https:\\\/\\\/www.tehnicadeautomatizare.ro\\\/de\\\/#\\\/schema\\\/logo\\\/image\\\/\",\"url\":\"https:\\\/\\\/www.tehnicadeautomatizare.ro\\\/wp-content\\\/uploads\\\/2020\\\/12\\\/TAS-Logo_152.png\",\"contentUrl\":\"https:\\\/\\\/www.tehnicadeautomatizare.ro\\\/wp-content\\\/uploads\\\/2020\\\/12\\\/TAS-Logo_152.png\",\"width\":152,\"height\":152,\"caption\":\"S.C. Tehnica de Automatizare Sibiu S.R.L.\"},\"image\":{\"@id\":\"https:\\\/\\\/www.tehnicadeautomatizare.ro\\\/de\\\/#\\\/schema\\\/logo\\\/image\\\/\"}}]}<\/script>\n<!-- \/ Yoast SEO plugin. -->","yoast_head_json":{"title":"Services - Tehnica de Automatizare","description":"Umfassender Service von der Inbetriebnahme Ihres TAS-Montagesystems bis zur Schulung Ihres Personals in Betrieb und Wartung.","robots":{"index":"index","follow":"follow","max-snippet":"max-snippet:-1","max-image-preview":"max-image-preview:large","max-video-preview":"max-video-preview:-1"},"canonical":"https:\/\/www.tehnicadeautomatizare.ro\/de\/services\/","og_locale":"de_DE","og_type":"article","og_title":"Services - Tehnica de Automatizare","og_description":"Umfassender Service von der Inbetriebnahme Ihres TAS-Montagesystems bis zur Schulung Ihres Personals in Betrieb und Wartung.","og_url":"https:\/\/www.tehnicadeautomatizare.ro\/de\/services\/","og_site_name":"Tehnica de Automatizare","article_modified_time":"2022-01-04T08:50:04+00:00","twitter_card":"summary_large_image","twitter_misc":{"Gesch\u00e4tzte Lesezeit":"13\u00a0Minuten"},"schema":{"@context":"https:\/\/schema.org","@graph":[{"@type":"WebPage","@id":"https:\/\/www.tehnicadeautomatizare.ro\/de\/services\/","url":"https:\/\/www.tehnicadeautomatizare.ro\/de\/services\/","name":"Services - Tehnica de Automatizare","isPartOf":{"@id":"https:\/\/www.tehnicadeautomatizare.ro\/de\/#website"},"datePublished":"2020-12-11T12:51:37+00:00","dateModified":"2022-01-04T08:50:04+00:00","description":"Umfassender Service von der Inbetriebnahme Ihres TAS-Montagesystems bis zur Schulung Ihres Personals in Betrieb und Wartung.","breadcrumb":{"@id":"https:\/\/www.tehnicadeautomatizare.ro\/de\/services\/#breadcrumb"},"inLanguage":"de","potentialAction":[{"@type":"ReadAction","target":["https:\/\/www.tehnicadeautomatizare.ro\/de\/services\/"]}]},{"@type":"BreadcrumbList","@id":"https:\/\/www.tehnicadeautomatizare.ro\/de\/services\/#breadcrumb","itemListElement":[{"@type":"ListItem","position":1,"name":"Home","item":"https:\/\/www.tehnicadeautomatizare.ro\/de\/"},{"@type":"ListItem","position":2,"name":"Services"}]},{"@type":"WebSite","@id":"https:\/\/www.tehnicadeautomatizare.ro\/de\/#website","url":"https:\/\/www.tehnicadeautomatizare.ro\/de\/","name":"Tehnica de Automatizare","description":"Factory Automation","publisher":{"@id":"https:\/\/www.tehnicadeautomatizare.ro\/de\/#organization"},"potentialAction":[{"@type":"SearchAction","target":{"@type":"EntryPoint","urlTemplate":"https:\/\/www.tehnicadeautomatizare.ro\/de\/?s={search_term_string}"},"query-input":{"@type":"PropertyValueSpecification","valueRequired":true,"valueName":"search_term_string"}}],"inLanguage":"de"},{"@type":"Organization","@id":"https:\/\/www.tehnicadeautomatizare.ro\/de\/#organization","name":"S.C. Tehnica de Automatizare Sibiu S.R.L.","url":"https:\/\/www.tehnicadeautomatizare.ro\/de\/","logo":{"@type":"ImageObject","inLanguage":"de","@id":"https:\/\/www.tehnicadeautomatizare.ro\/de\/#\/schema\/logo\/image\/","url":"https:\/\/www.tehnicadeautomatizare.ro\/wp-content\/uploads\/2020\/12\/TAS-Logo_152.png","contentUrl":"https:\/\/www.tehnicadeautomatizare.ro\/wp-content\/uploads\/2020\/12\/TAS-Logo_152.png","width":152,"height":152,"caption":"S.C. Tehnica de Automatizare Sibiu S.R.L."},"image":{"@id":"https:\/\/www.tehnicadeautomatizare.ro\/de\/#\/schema\/logo\/image\/"}}]}},"_links":{"self":[{"href":"https:\/\/www.tehnicadeautomatizare.ro\/de\/wp-json\/wp\/v2\/pages\/3202","targetHints":{"allow":["GET"]}}],"collection":[{"href":"https:\/\/www.tehnicadeautomatizare.ro\/de\/wp-json\/wp\/v2\/pages"}],"about":[{"href":"https:\/\/www.tehnicadeautomatizare.ro\/de\/wp-json\/wp\/v2\/types\/page"}],"author":[{"embeddable":true,"href":"https:\/\/www.tehnicadeautomatizare.ro\/de\/wp-json\/wp\/v2\/users\/1"}],"replies":[{"embeddable":true,"href":"https:\/\/www.tehnicadeautomatizare.ro\/de\/wp-json\/wp\/v2\/comments?post=3202"}],"version-history":[{"count":12,"href":"https:\/\/www.tehnicadeautomatizare.ro\/de\/wp-json\/wp\/v2\/pages\/3202\/revisions"}],"predecessor-version":[{"id":3561,"href":"https:\/\/www.tehnicadeautomatizare.ro\/de\/wp-json\/wp\/v2\/pages\/3202\/revisions\/3561"}],"wp:attachment":[{"href":"https:\/\/www.tehnicadeautomatizare.ro\/de\/wp-json\/wp\/v2\/media?parent=3202"}],"curies":[{"name":"wp","href":"https:\/\/api.w.org\/{rel}","templated":true}]}}