{"id":3219,"date":"2020-12-11T13:59:29","date_gmt":"2020-12-11T13:59:29","guid":{"rendered":"https:\/\/www.tehnicadeautomatizare.ro\/wp2\/imprint\/"},"modified":"2025-07-22T08:37:18","modified_gmt":"2025-07-22T08:37:18","slug":"imprint","status":"publish","type":"page","link":"https:\/\/www.tehnicadeautomatizare.ro\/ro\/imprint\/","title":{"rendered":"Imprint"},"content":{"rendered":"<div class=\"fusion-fullwidth fullwidth-box fusion-builder-row-1 fusion-flex-container nonhundred-percent-fullwidth non-hundred-percent-height-scrolling\" style=\"--awb-border-radius-top-left:0px;--awb-border-radius-top-right:0px;--awb-border-radius-bottom-right:0px;--awb-border-radius-bottom-left:0px;--awb-flex-wrap:wrap;\" ><div class=\"fusion-builder-row fusion-row fusion-flex-align-items-flex-start fusion-flex-content-wrap\" style=\"max-width:1248px;margin-left: calc(-4% \/ 2 );margin-right: calc(-4% \/ 2 );\"><div class=\"fusion-layout-column fusion_builder_column fusion-builder-column-0 fusion_builder_column_1_1 1_1 fusion-flex-column\" style=\"--awb-bg-size:cover;--awb-width-large:100%;--awb-margin-top-large:0px;--awb-spacing-right-large:1.92%;--awb-margin-bottom-large:20px;--awb-spacing-left-large:1.92%;--awb-width-medium:100%;--awb-spacing-right-medium:1.92%;--awb-spacing-left-medium:1.92%;--awb-width-small:100%;--awb-spacing-right-small:1.92%;--awb-spacing-left-small:1.92%;\"><div class=\"fusion-column-wrapper fusion-column-has-shadow fusion-flex-justify-content-flex-start fusion-content-layout-column\"><div class=\"fusion-text fusion-text-1\"><h1>Imprint<\/h1>\n<p><strong>Informatii in conformitate ce Sectiuea 5 TMG:<\/strong><br \/>\nS.C. Tehnica de Automatizare Sibiu S.R.L.<br \/>\nStrada Europa Unita Nr. 8<br \/>\n550018 Sibiu<br \/>\nRomania<\/p>\n<p>Tel.: +40 269 20 65 60<br \/>\nFax: +40 269 20 65 61<br \/>\nEmail: office@tehnicadeautomatizare.ro<\/p>\n<p>General Manager: Mr. Suciu Iulian<br \/>\nGeneral Manager: Mr. Coptil Sergiu<\/p>\n<p><strong>Solu\u021bionarea litigiilor consumatorilor \/ Organismul universal de arbitraj<\/strong><br \/>\nNu suntem dispu\u0219i sau obliga\u021bi s\u0103 particip\u0103m la proceduri de solu\u021bionare a litigiilor \u00een fa\u021ba unei comisii de arbitraj pentru consumatori.<\/p>\n<\/div><div class=\"fusion-separator fusion-full-width-sep\" style=\"align-self: center;margin-left: auto;margin-right: auto;margin-top:20px;width:100%;\"><\/div><div class=\"fusion-text fusion-text-2\"><h2>Disclaimer<\/h2>\n<h3>R\u0103spunderea pentru con\u021binut<\/h3>\n<p>\u00cen calitate de furnizor de servicii, suntem responsabili pentru propriul con\u021binut de pe aceste pagini conform LEGII nr. 365 din 7 iunie 2002 \u0219i conform legilor generale. \u00cen temeiul articolului 14 \u0219i 15 din LEGEA nr. 365 din 7 iunie 2002 (republicat\u0103 *) privind comer\u021bul electronic, noi, ca furnizor de servicii, nu suntem obliga\u021bi s\u0103 monitoriz\u0103m informa\u021biile transmise sau stocate de la ter\u021bi sau s\u0103 investig\u0103m circumstan\u021bele care indic\u0103 activitate ilegal\u0103.<\/p>\n<p>Obliga\u021biile de a elimina sau de a bloca utilizarea informa\u021biilor \u00een conformitate cu legile generale r\u0103m\u00e2n neafectate. Cu toate acestea, r\u0103spunderea \u00een acest sens este posibil\u0103 numai din momentul cunoa\u0219terii unei anumite \u00eenc\u0103lc\u0103ri a legii. Dac\u0103 vom fi con\u0219tien\u021bi de astfel de \u00eenc\u0103lc\u0103ri a legii, vom elimina imediat acest con\u021binut.<\/p>\n<h3>R\u0103spunderea pentru linkuri<\/h3>\n<p>Oferta noastr\u0103 con\u021bine linkuri c\u0103tre site-uri web externe ale unor ter\u021be p\u0103r\u021bi, asupra c\u0103rora nu avem nicio influen\u021b\u0103 asupra con\u021binutului. Prin urmare, nu ne putem asuma nicio r\u0103spundere pentru aceste con\u021binuturi ale ter\u021bilor. Furnizorul sau operatorul respectiv al paginilor este \u00eentotdeauna responsabil pentru con\u021binutul paginilor. Paginile cu aceste link-uri au fost verificate pentru eventuale \u00eenc\u0103lc\u0103ri legale la momentul conect\u0103rii. Con\u021binutul ilegal nu era recunoscut \u00een momentul conect\u0103rii.<\/p>\n<p>Cu toate acestea, un control permanent al con\u021binutului paginilor nu este rezonabil f\u0103r\u0103 indica\u021bii concrete de \u00eenc\u0103lcare a legii. Dac\u0103 vom fi con\u0219tien\u021bi de orice \u00eenc\u0103lcare a legii, vom elimina imediat aceste link-uri.<\/p>\n<h3>Drepturi de autor<\/h3>\n<p>Con\u021binutul \u0219i lucr\u0103rile create de operatorii site-ului pe aceste pagini sunt supuse LEGII nr. 8 din 14 martie 1996 (republicat\u0103) privind drepturile de autor \u0219i drepturile conexe. Duplicarea, editarea, distribuirea \u0219i orice fel de exploatare \u00een afara limitelor drepturilor de autor necesit\u0103 acordul scris al autorului sau creatorului respectiv. Desc\u0103rc\u0103rile \u0219i copiile acestui site sunt permise numai pentru uz privat, necomercial.<\/p>\n<p>\u00cen m\u0103sura \u00een care con\u021binutul de pe aceast\u0103 pagin\u0103 nu a fost creat de operator, drepturile de autor ale ter\u021bilor sunt respectate. \u00cen special, con\u021binutul ter\u021bilor este marcat ca atare. Cu toate acestea, dac\u0103 ve\u021bi cunoa\u0219te o \u00eenc\u0103lcare a drepturilor de autor, v\u0103 rug\u0103m s\u0103 re\u021bine\u021bi acest lucru. Dac\u0103 vom fi con\u0219tien\u021bi de orice \u00eenc\u0103lcare, vom elimina imediat acest con\u021binut.<\/p>\n<p>Surs\u0103: https:\/\/en.wikipedia.org\/wiki\/IT_law si https:\/\/europa.eu\/youreurope\/business\/index_en.htm<\/p>\n<\/div><div class=\"fusion-text fusion-text-3 fusion-text-no-margin\" style=\"--awb-margin-top:20px;--awb-margin-bottom:40px;\"><p><a href=\"https:\/\/zweck.design\/\" target=\"_blank\" rel=\"noopener\"><strong>Webdesign<\/strong> by zweck.design<\/a><\/p>\n<\/div><\/div><\/div><\/div><\/div>\n","protected":false},"excerpt":{"rendered":"","protected":false},"author":1,"featured_media":0,"parent":0,"menu_order":0,"comment_status":"closed","ping_status":"closed","template":"","meta":{"footnotes":""},"class_list":["post-3219","page","type-page","status-publish","hentry"],"yoast_head":"<!-- This site is optimized with the Yoast SEO plugin v27.6 - https:\/\/yoast.com\/product\/yoast-seo-wordpress\/ -->\n<title>Imprint - Tehnica de Automatizare<\/title>\n<meta name=\"description\" content=\"Legal information about Autec Sondermaschinenbau GmbH from Amberg\/Oberpfalz in Northern Bavaria.\" \/>\n<meta name=\"robots\" content=\"index, follow, max-snippet:-1, max-image-preview:large, max-video-preview:-1\" \/>\n<link rel=\"canonical\" href=\"https:\/\/www.tehnicadeautomatizare.ro\/ro\/imprint\/\" \/>\n<meta property=\"og:locale\" content=\"ro_RO\" \/>\n<meta property=\"og:type\" content=\"article\" \/>\n<meta property=\"og:title\" content=\"Imprint - Tehnica de Automatizare\" \/>\n<meta property=\"og:description\" content=\"Legal information about Autec Sondermaschinenbau GmbH from Amberg\/Oberpfalz in Northern Bavaria.\" \/>\n<meta property=\"og:url\" content=\"https:\/\/www.tehnicadeautomatizare.ro\/ro\/imprint\/\" \/>\n<meta property=\"og:site_name\" content=\"Tehnica de Automatizare\" \/>\n<meta property=\"article:modified_time\" content=\"2025-07-22T08:37:18+00:00\" \/>\n<meta name=\"twitter:card\" content=\"summary_large_image\" \/>\n<meta name=\"twitter:label1\" content=\"Timp estimat pentru citire\" \/>\n\t<meta name=\"twitter:data1\" content=\"3 minute\" \/>\n<script type=\"application\/ld+json\" class=\"yoast-schema-graph\">{\"@context\":\"https:\\\/\\\/schema.org\",\"@graph\":[{\"@type\":\"WebPage\",\"@id\":\"https:\\\/\\\/www.tehnicadeautomatizare.ro\\\/ro\\\/imprint\\\/\",\"url\":\"https:\\\/\\\/www.tehnicadeautomatizare.ro\\\/ro\\\/imprint\\\/\",\"name\":\"Imprint - Tehnica de Automatizare\",\"isPartOf\":{\"@id\":\"https:\\\/\\\/www.tehnicadeautomatizare.ro\\\/ro\\\/#website\"},\"datePublished\":\"2020-12-11T13:59:29+00:00\",\"dateModified\":\"2025-07-22T08:37:18+00:00\",\"description\":\"Legal information about Autec Sondermaschinenbau GmbH from Amberg\\\/Oberpfalz in Northern Bavaria.\",\"breadcrumb\":{\"@id\":\"https:\\\/\\\/www.tehnicadeautomatizare.ro\\\/ro\\\/imprint\\\/#breadcrumb\"},\"inLanguage\":\"ro-RO\",\"potentialAction\":[{\"@type\":\"ReadAction\",\"target\":[\"https:\\\/\\\/www.tehnicadeautomatizare.ro\\\/ro\\\/imprint\\\/\"]}]},{\"@type\":\"BreadcrumbList\",\"@id\":\"https:\\\/\\\/www.tehnicadeautomatizare.ro\\\/ro\\\/imprint\\\/#breadcrumb\",\"itemListElement\":[{\"@type\":\"ListItem\",\"position\":1,\"name\":\"Home\",\"item\":\"https:\\\/\\\/www.tehnicadeautomatizare.ro\\\/ro\\\/\"},{\"@type\":\"ListItem\",\"position\":2,\"name\":\"Imprint\"}]},{\"@type\":\"WebSite\",\"@id\":\"https:\\\/\\\/www.tehnicadeautomatizare.ro\\\/ro\\\/#website\",\"url\":\"https:\\\/\\\/www.tehnicadeautomatizare.ro\\\/ro\\\/\",\"name\":\"Tehnica de Automatizare\",\"description\":\"Factory Automation\",\"publisher\":{\"@id\":\"https:\\\/\\\/www.tehnicadeautomatizare.ro\\\/ro\\\/#organization\"},\"potentialAction\":[{\"@type\":\"SearchAction\",\"target\":{\"@type\":\"EntryPoint\",\"urlTemplate\":\"https:\\\/\\\/www.tehnicadeautomatizare.ro\\\/ro\\\/?s={search_term_string}\"},\"query-input\":{\"@type\":\"PropertyValueSpecification\",\"valueRequired\":true,\"valueName\":\"search_term_string\"}}],\"inLanguage\":\"ro-RO\"},{\"@type\":\"Organization\",\"@id\":\"https:\\\/\\\/www.tehnicadeautomatizare.ro\\\/ro\\\/#organization\",\"name\":\"S.C. Tehnica de Automatizare Sibiu S.R.L.\",\"url\":\"https:\\\/\\\/www.tehnicadeautomatizare.ro\\\/ro\\\/\",\"logo\":{\"@type\":\"ImageObject\",\"inLanguage\":\"ro-RO\",\"@id\":\"https:\\\/\\\/www.tehnicadeautomatizare.ro\\\/ro\\\/#\\\/schema\\\/logo\\\/image\\\/\",\"url\":\"https:\\\/\\\/www.tehnicadeautomatizare.ro\\\/wp-content\\\/uploads\\\/2020\\\/12\\\/TAS-Logo_152.png\",\"contentUrl\":\"https:\\\/\\\/www.tehnicadeautomatizare.ro\\\/wp-content\\\/uploads\\\/2020\\\/12\\\/TAS-Logo_152.png\",\"width\":152,\"height\":152,\"caption\":\"S.C. Tehnica de Automatizare Sibiu S.R.L.\"},\"image\":{\"@id\":\"https:\\\/\\\/www.tehnicadeautomatizare.ro\\\/ro\\\/#\\\/schema\\\/logo\\\/image\\\/\"}}]}<\/script>\n<!-- \/ Yoast SEO plugin. -->","yoast_head_json":{"title":"Imprint - Tehnica de Automatizare","description":"Legal information about Autec Sondermaschinenbau GmbH from Amberg\/Oberpfalz in Northern Bavaria.","robots":{"index":"index","follow":"follow","max-snippet":"max-snippet:-1","max-image-preview":"max-image-preview:large","max-video-preview":"max-video-preview:-1"},"canonical":"https:\/\/www.tehnicadeautomatizare.ro\/ro\/imprint\/","og_locale":"ro_RO","og_type":"article","og_title":"Imprint - Tehnica de Automatizare","og_description":"Legal information about Autec Sondermaschinenbau GmbH from Amberg\/Oberpfalz in Northern Bavaria.","og_url":"https:\/\/www.tehnicadeautomatizare.ro\/ro\/imprint\/","og_site_name":"Tehnica de Automatizare","article_modified_time":"2025-07-22T08:37:18+00:00","twitter_card":"summary_large_image","twitter_misc":{"Timp estimat pentru citire":"3 minute"},"schema":{"@context":"https:\/\/schema.org","@graph":[{"@type":"WebPage","@id":"https:\/\/www.tehnicadeautomatizare.ro\/ro\/imprint\/","url":"https:\/\/www.tehnicadeautomatizare.ro\/ro\/imprint\/","name":"Imprint - Tehnica de Automatizare","isPartOf":{"@id":"https:\/\/www.tehnicadeautomatizare.ro\/ro\/#website"},"datePublished":"2020-12-11T13:59:29+00:00","dateModified":"2025-07-22T08:37:18+00:00","description":"Legal information about Autec Sondermaschinenbau GmbH from Amberg\/Oberpfalz in Northern Bavaria.","breadcrumb":{"@id":"https:\/\/www.tehnicadeautomatizare.ro\/ro\/imprint\/#breadcrumb"},"inLanguage":"ro-RO","potentialAction":[{"@type":"ReadAction","target":["https:\/\/www.tehnicadeautomatizare.ro\/ro\/imprint\/"]}]},{"@type":"BreadcrumbList","@id":"https:\/\/www.tehnicadeautomatizare.ro\/ro\/imprint\/#breadcrumb","itemListElement":[{"@type":"ListItem","position":1,"name":"Home","item":"https:\/\/www.tehnicadeautomatizare.ro\/ro\/"},{"@type":"ListItem","position":2,"name":"Imprint"}]},{"@type":"WebSite","@id":"https:\/\/www.tehnicadeautomatizare.ro\/ro\/#website","url":"https:\/\/www.tehnicadeautomatizare.ro\/ro\/","name":"Tehnica de Automatizare","description":"Factory Automation","publisher":{"@id":"https:\/\/www.tehnicadeautomatizare.ro\/ro\/#organization"},"potentialAction":[{"@type":"SearchAction","target":{"@type":"EntryPoint","urlTemplate":"https:\/\/www.tehnicadeautomatizare.ro\/ro\/?s={search_term_string}"},"query-input":{"@type":"PropertyValueSpecification","valueRequired":true,"valueName":"search_term_string"}}],"inLanguage":"ro-RO"},{"@type":"Organization","@id":"https:\/\/www.tehnicadeautomatizare.ro\/ro\/#organization","name":"S.C. Tehnica de Automatizare Sibiu S.R.L.","url":"https:\/\/www.tehnicadeautomatizare.ro\/ro\/","logo":{"@type":"ImageObject","inLanguage":"ro-RO","@id":"https:\/\/www.tehnicadeautomatizare.ro\/ro\/#\/schema\/logo\/image\/","url":"https:\/\/www.tehnicadeautomatizare.ro\/wp-content\/uploads\/2020\/12\/TAS-Logo_152.png","contentUrl":"https:\/\/www.tehnicadeautomatizare.ro\/wp-content\/uploads\/2020\/12\/TAS-Logo_152.png","width":152,"height":152,"caption":"S.C. Tehnica de Automatizare Sibiu S.R.L."},"image":{"@id":"https:\/\/www.tehnicadeautomatizare.ro\/ro\/#\/schema\/logo\/image\/"}}]}},"_links":{"self":[{"href":"https:\/\/www.tehnicadeautomatizare.ro\/ro\/wp-json\/wp\/v2\/pages\/3219","targetHints":{"allow":["GET"]}}],"collection":[{"href":"https:\/\/www.tehnicadeautomatizare.ro\/ro\/wp-json\/wp\/v2\/pages"}],"about":[{"href":"https:\/\/www.tehnicadeautomatizare.ro\/ro\/wp-json\/wp\/v2\/types\/page"}],"author":[{"embeddable":true,"href":"https:\/\/www.tehnicadeautomatizare.ro\/ro\/wp-json\/wp\/v2\/users\/1"}],"replies":[{"embeddable":true,"href":"https:\/\/www.tehnicadeautomatizare.ro\/ro\/wp-json\/wp\/v2\/comments?post=3219"}],"version-history":[{"count":19,"href":"https:\/\/www.tehnicadeautomatizare.ro\/ro\/wp-json\/wp\/v2\/pages\/3219\/revisions"}],"predecessor-version":[{"id":3755,"href":"https:\/\/www.tehnicadeautomatizare.ro\/ro\/wp-json\/wp\/v2\/pages\/3219\/revisions\/3755"}],"wp:attachment":[{"href":"https:\/\/www.tehnicadeautomatizare.ro\/ro\/wp-json\/wp\/v2\/media?parent=3219"}],"curies":[{"name":"wp","href":"https:\/\/api.w.org\/{rel}","templated":true}]}}